{"id":788,"date":"2019-02-25T09:38:24","date_gmt":"2019-02-25T08:38:24","guid":{"rendered":"https:\/\/techmarine.mg\/?page_id=788"},"modified":"2019-04-04T09:59:09","modified_gmt":"2019-04-04T07:59:09","slug":"nos-valeurs","status":"publish","type":"page","link":"https:\/\/techmarine.mg\/?page_id=788","title":{"rendered":"Nos valeurs"},"content":{"rendered":"<p><div class=\"fusion-fullwidth fullwidth-box fusion-builder-row-1 nonhundred-percent-fullwidth non-hundred-percent-height-scrolling nos-valeurs-h1\" style=\"--awb-border-radius-top-left:0px;--awb-border-radius-top-right:0px;--awb-border-radius-bottom-right:0px;--awb-border-radius-bottom-left:0px;--awb-flex-wrap:wrap;\" ><div class=\"fusion-builder-row fusion-row\"><div class=\"fusion-layout-column fusion_builder_column fusion-builder-column-0 fusion_builder_column_1_1 1_1 fusion-one-full fusion-column-first fusion-column-last\" style=\"--awb-bg-size:cover;--awb-margin-bottom:0px;\"><div class=\"fusion-column-wrapper fusion-flex-column-wrapper-legacy\"><div class=\"fusion-title title fusion-title-1 fusion-sep-none fusion-title-center fusion-title-text fusion-title-size-one\" style=\"--awb-margin-top-small:10px;--awb-margin-right-small:0px;--awb-margin-bottom-small:10px;--awb-margin-left-small:0px;\"><h1 class=\"fusion-title-heading title-heading-center\" style=\"margin:0;\">LES VALEURS DE TECHMARINE<\/h1><\/div><div class=\"fusion-clearfix\"><\/div><\/div><\/div><\/div><\/div><div class=\"fusion-fullwidth fullwidth-box fusion-builder-row-2 hundred-percent-fullwidth non-hundred-percent-height-scrolling section-bloc-nos-valeurs\" style=\"--awb-border-radius-top-left:0px;--awb-border-radius-top-right:0px;--awb-border-radius-bottom-right:0px;--awb-border-radius-bottom-left:0px;--awb-margin-top:31px;--awb-margin-bottom:80px;--awb-flex-wrap:wrap;\" id=\"humain\" ><div class=\"fusion-builder-row fusion-row\"><div class=\"fusion-layout-column fusion_builder_column fusion-builder-column-1 fusion_builder_column_1_2 1_2 fusion-one-half fusion-column-first fusion-column-no-min-height\" style=\"--awb-bg-size:cover;width:50%;width:calc(50% - ( ( 4% ) * 0.5 ) );margin-right: 4%;\"><div class=\"fusion-column-wrapper fusion-flex-column-wrapper-legacy\"><div class=\"fusion-column-content-centered\"><div class=\"fusion-column-content\"><div class=\"fusion-image-element fusion-image-align-center in-legacy-container\" style=\"text-align:center;--awb-caption-title-font-family:var(--h2_typography-font-family);--awb-caption-title-font-weight:var(--h2_typography-font-weight);--awb-caption-title-font-style:var(--h2_typography-font-style);--awb-caption-title-size:var(--h2_typography-font-size);--awb-caption-title-transform:var(--h2_typography-text-transform);--awb-caption-title-line-height:var(--h2_typography-line-height);--awb-caption-title-letter-spacing:var(--h2_typography-letter-spacing);\"><div class=\"imageframe-align-center\"><span class=\" fusion-imageframe imageframe-none imageframe-1 hover-type-none nv-img1\"><img decoding=\"async\" width=\"720\" height=\"481\" title=\"techmarine-madagascar-formation-continue-chantier-naval\" src=\"https:\/\/techmarine.mg\/wp-content\/uploads\/2019\/03\/techmarine-madagascar-formation-continue-chantier-naval.jpg\" alt class=\"img-responsive wp-image-1051\" srcset=\"https:\/\/techmarine.mg\/wp-content\/uploads\/2019\/03\/techmarine-madagascar-formation-continue-chantier-naval-200x134.jpg 200w, https:\/\/techmarine.mg\/wp-content\/uploads\/2019\/03\/techmarine-madagascar-formation-continue-chantier-naval-400x267.jpg 400w, https:\/\/techmarine.mg\/wp-content\/uploads\/2019\/03\/techmarine-madagascar-formation-continue-chantier-naval-600x401.jpg 600w, https:\/\/techmarine.mg\/wp-content\/uploads\/2019\/03\/techmarine-madagascar-formation-continue-chantier-naval.jpg 720w\" sizes=\"(max-width: 800px) 100vw, 600px\" \/><\/span><\/div><\/div><\/div><\/div><div class=\"fusion-clearfix\"><\/div><\/div><\/div><div class=\"fusion-layout-column fusion_builder_column fusion-builder-column-2 fusion_builder_column_1_2 1_2 fusion-one-half fusion-column-last fusion-column-no-min-height fusion-animated\" style=\"--awb-bg-size:cover;width:50%;width:calc(50% - ( ( 4% ) * 0.5 ) );\" data-animationType=\"slideInRight\" data-animationDuration=\"0.7\" data-animationOffset=\"top-into-view\"><div class=\"fusion-column-wrapper fusion-flex-column-wrapper-legacy\"><div class=\"fusion-column-content-centered\"><div class=\"fusion-column-content\"><div class=\"fusion-title title fusion-title-2 fusion-sep-none fusion-title-center fusion-title-text fusion-title-size-two\" style=\"--awb-margin-top-small:10px;--awb-margin-right-small:0px;--awb-margin-bottom-small:10px;--awb-margin-left-small:0px;\"><h2 class=\"fusion-title-heading title-heading-center\" style=\"margin:0;\">L\u2019humain au c\u0153ur de Techmarine<\/h2><\/div><div class=\"fusion-sep-clear\"><\/div><div class=\"fusion-separator\" style=\"margin-left: auto;margin-right: auto;margin-bottom:33px;width:100%;max-width:30%;\"><div class=\"fusion-separator-border sep-single sep-solid\" style=\"--awb-height:20px;--awb-amount:20px;--awb-sep-color:#273879;border-color:#273879;border-top-width:1px;\"><\/div><\/div><div class=\"fusion-sep-clear\"><\/div><div class=\"fusion-text fusion-text-1\"><p>Persuad\u00e9 que savoir-faire et exp\u00e9rience sont nos principales richesses, Techmarine a toujours eu \u00e0 c\u0153ur de s\u2019entourer des meilleures comp\u00e9tences, d\u2019investir sur les hommes. La transmission du geste du m\u00e9tier comme Leitmotiv. Encadr\u00e9s par une \u00e9quipe de professionnels de la construction navale, les op\u00e9rateurs sont en permanence renforc\u00e9s dans leurs connaissances du m\u00e9tier du composite. La formation continue, dispens\u00e9e en interne, a pour vocation de toujours \u00e9lever le niveau. Nous identifions, de mani\u00e8re personnalis\u00e9e, atouts et faiblesses de chacun, et proposons un contenu th\u00e9orique et pratique pour \u00ab tirer vers le haut \u00bb l\u2019ensemble de nos collaborateurs. Cet investissement sur l\u2019humain a r\u00e9v\u00e9l\u00e9 dans nos \u00e9quipes des profils brillants, talentueux dans leur domaine de comp\u00e9tence, toujours pr\u00eats \u00e0 faire avancer la science de leur m\u00e9tier, par des tours de main que seuls les professionnels aguerris savent imaginer et r\u00e9aliser. Fort de son exp\u00e9rience en formation professionnelle, le chantier naval s\u2019investit aupr\u00e8s d\u2019association telle que \u00ab Graine de Bitume \u00bb en recrutant des jeunes issus de milieu tr\u00e8s d\u00e9favoris\u00e9, leur offrant la possibilit\u00e9, par l\u2019int\u00e9gration dans l\u2019entreprise, de retrouver une position sociale digne, de s\u2019affirmer en hommes et femmes capables, reconnus par leurs coll\u00e8gues, eux qui avaient toujours \u00e9t\u00e9 exclus.<\/p>\n<\/div><\/div><\/div><div class=\"fusion-clearfix\"><\/div><\/div><\/div><\/div><\/div><div class=\"fusion-fullwidth fullwidth-box fusion-builder-row-3 hundred-percent-fullwidth non-hundred-percent-height-scrolling section-bloc-nos-valeurs\" style=\"--awb-border-radius-top-left:0px;--awb-border-radius-top-right:0px;--awb-border-radius-bottom-right:0px;--awb-border-radius-bottom-left:0px;--awb-margin-top:55px;--awb-flex-wrap:wrap;\" id=\"qualite\" ><div class=\"fusion-builder-row fusion-row\"><div class=\"fusion-layout-column fusion_builder_column fusion-builder-column-3 fusion_builder_column_1_2 1_2 fusion-one-half fusion-column-first fusion-animated\" style=\"--awb-bg-size:cover;width:50%;width:calc(50% - ( ( 4% ) * 0.5 ) );margin-right: 4%;\" data-animationType=\"slideInLeft\" data-animationDuration=\"0.7\" data-animationOffset=\"top-into-view\"><div class=\"fusion-column-wrapper fusion-flex-column-wrapper-legacy\"><div class=\"fusion-column-content-centered\"><div class=\"fusion-column-content\"><div class=\"fusion-title title fusion-title-3 fusion-sep-none fusion-title-center fusion-title-text fusion-title-size-two\" style=\"--awb-margin-top-small:10px;--awb-margin-right-small:0px;--awb-margin-bottom-small:10px;--awb-margin-left-small:0px;\"><h2 class=\"fusion-title-heading title-heading-center\" style=\"margin:0;\">La qualit\u00e9, incontournable pour rester au top<\/h2><\/div><div class=\"fusion-sep-clear\"><\/div><div class=\"fusion-separator\" style=\"margin-left: auto;margin-right: auto;margin-bottom:33px;width:100%;max-width:30%;\"><div class=\"fusion-separator-border sep-single sep-solid\" style=\"--awb-height:20px;--awb-amount:20px;--awb-sep-color:#273879;border-color:#273879;border-top-width:1px;\"><\/div><\/div><div class=\"fusion-sep-clear\"><\/div><div class=\"fusion-text fusion-text-2\"><p>La satisfaction client, gage d\u2019une rentabilit\u00e9 accrue, impose la politique du z\u00e9ro d\u00e9faut. Chaque pi\u00e8ce, \u00e0 chaque \u00e9tape de sa fabrication, subit un contr\u00f4le qualit\u00e9 de celui qui l\u2019a mis en \u0153uvre d\u2019une part, et de celui qui doit l\u2019int\u00e9grer \u00e0 l\u2019ensemble d\u2019autre part. La constatation d\u2019un vice entra\u00eenant une \u00ab sortie de cha\u00eene \u00bb imm\u00e9diate. Ce niveau d\u2019exigence s\u2019impose dans la protection et la s\u00e9curit\u00e9 de nos collaborateurs, donne incontournable dans les chartes qualit\u00e9s de tout un chacun. La qualit\u00e9 des mati\u00e8res premi\u00e8res mises en \u0153uvre, le choix de nos fournisseurs suivent la m\u00eame logique. Les fibres (verre ; carbone ; kevlar), les r\u00e9sines (polyester isophtalique ; vinylester ; \u00e9poxy) sont soigneusement s\u00e9lectionn\u00e9es pour r\u00e9pondre aux standards le plus \u00e9lev\u00e9s.<\/p>\n<\/div><\/div><\/div><div class=\"fusion-clearfix\"><\/div><\/div><\/div><div class=\"fusion-layout-column fusion_builder_column fusion-builder-column-4 fusion_builder_column_1_2 1_2 fusion-one-half fusion-column-last\" style=\"--awb-bg-size:cover;--awb-margin-bottom:0px;width:50%;width:calc(50% - ( ( 4% ) * 0.5 ) );\"><div class=\"fusion-column-wrapper fusion-flex-column-wrapper-legacy\"><div class=\"fusion-image-element fusion-image-align-center in-legacy-container\" style=\"text-align:center;--awb-caption-title-font-family:var(--h2_typography-font-family);--awb-caption-title-font-weight:var(--h2_typography-font-weight);--awb-caption-title-font-style:var(--h2_typography-font-style);--awb-caption-title-size:var(--h2_typography-font-size);--awb-caption-title-transform:var(--h2_typography-text-transform);--awb-caption-title-line-height:var(--h2_typography-line-height);--awb-caption-title-letter-spacing:var(--h2_typography-letter-spacing);\"><div class=\"imageframe-align-center\"><span class=\" fusion-imageframe imageframe-none imageframe-2 hover-type-none nv-img2\"><img decoding=\"async\" width=\"720\" height=\"481\" title=\"techmarine_qualite_finition_madagascar_bateau\" src=\"https:\/\/techmarine.mg\/wp-content\/uploads\/2019\/03\/techmarine_qualite_finition_madagascar_bateau.jpg\" alt class=\"img-responsive wp-image-1599\" srcset=\"https:\/\/techmarine.mg\/wp-content\/uploads\/2019\/03\/techmarine_qualite_finition_madagascar_bateau-200x134.jpg 200w, https:\/\/techmarine.mg\/wp-content\/uploads\/2019\/03\/techmarine_qualite_finition_madagascar_bateau-400x267.jpg 400w, https:\/\/techmarine.mg\/wp-content\/uploads\/2019\/03\/techmarine_qualite_finition_madagascar_bateau-600x401.jpg 600w, https:\/\/techmarine.mg\/wp-content\/uploads\/2019\/03\/techmarine_qualite_finition_madagascar_bateau.jpg 720w\" sizes=\"(max-width: 800px) 100vw, 600px\" \/><\/span><\/div><\/div><div class=\"fusion-clearfix\"><\/div><\/div><\/div><\/div><\/div><div class=\"fusion-fullwidth fullwidth-box fusion-builder-row-4 hundred-percent-fullwidth non-hundred-percent-height-scrolling section-bloc-nos-valeurs\" style=\"--awb-border-radius-top-left:0px;--awb-border-radius-top-right:0px;--awb-border-radius-bottom-right:0px;--awb-border-radius-bottom-left:0px;--awb-margin-top:55px;--awb-flex-wrap:wrap;\" id=\"ecologique\" ><div class=\"fusion-builder-row fusion-row\"><div class=\"fusion-layout-column fusion_builder_column fusion-builder-column-5 fusion_builder_column_1_2 1_2 fusion-one-half fusion-column-first\" style=\"--awb-bg-size:cover;width:50%;width:calc(50% - ( ( 4% ) * 0.5 ) );margin-right: 4%;\"><div class=\"fusion-column-wrapper fusion-flex-column-wrapper-legacy\"><div class=\"fusion-image-element fusion-image-align-center in-legacy-container\" style=\"text-align:center;--awb-caption-title-font-family:var(--h2_typography-font-family);--awb-caption-title-font-weight:var(--h2_typography-font-weight);--awb-caption-title-font-style:var(--h2_typography-font-style);--awb-caption-title-size:var(--h2_typography-font-size);--awb-caption-title-transform:var(--h2_typography-text-transform);--awb-caption-title-line-height:var(--h2_typography-line-height);--awb-caption-title-letter-spacing:var(--h2_typography-letter-spacing);\"><div class=\"imageframe-align-center\"><span class=\" fusion-imageframe imageframe-none imageframe-3 hover-type-none nv-img3\"><img decoding=\"async\" width=\"720\" height=\"481\" title=\"techmarine_ecologique\" src=\"https:\/\/techmarine.mg\/wp-content\/uploads\/2019\/03\/techmarine_ecologique.jpg\" alt class=\"img-responsive wp-image-1682\" srcset=\"https:\/\/techmarine.mg\/wp-content\/uploads\/2019\/03\/techmarine_ecologique-200x134.jpg 200w, https:\/\/techmarine.mg\/wp-content\/uploads\/2019\/03\/techmarine_ecologique-400x267.jpg 400w, https:\/\/techmarine.mg\/wp-content\/uploads\/2019\/03\/techmarine_ecologique-600x401.jpg 600w, https:\/\/techmarine.mg\/wp-content\/uploads\/2019\/03\/techmarine_ecologique.jpg 720w\" sizes=\"(max-width: 800px) 100vw, 600px\" \/><\/span><\/div><\/div><div class=\"fusion-clearfix\"><\/div><\/div><\/div><div class=\"fusion-layout-column fusion_builder_column fusion-builder-column-6 fusion_builder_column_1_2 1_2 fusion-one-half fusion-column-last fusion-animated\" style=\"--awb-bg-size:cover;width:50%;width:calc(50% - ( ( 4% ) * 0.5 ) );\" data-animationType=\"slideInRight\" data-animationDuration=\"0.7\" data-animationOffset=\"top-into-view\"><div class=\"fusion-column-wrapper fusion-flex-column-wrapper-legacy\"><div class=\"fusion-title title fusion-title-4 fusion-sep-none fusion-title-center fusion-title-text fusion-title-size-two\" style=\"--awb-margin-top-small:10px;--awb-margin-right-small:0px;--awb-margin-bottom-small:10px;--awb-margin-left-small:0px;\"><h2 class=\"fusion-title-heading title-heading-center\" style=\"margin:0;\">La pr\u00e9occupation \u00e9cologique<\/h2><\/div><div class=\"fusion-sep-clear\"><\/div><div class=\"fusion-separator\" style=\"margin-left: auto;margin-right: auto;margin-bottom:33px;width:100%;max-width:30%;\"><div class=\"fusion-separator-border sep-single sep-solid\" style=\"--awb-height:20px;--awb-amount:20px;--awb-sep-color:#273879;border-color:#273879;border-top-width:1px;\"><\/div><\/div><div class=\"fusion-sep-clear\"><\/div><div class=\"fusion-text fusion-text-3\"><p>Conscient que les oc\u00e9ans finissent toujours par recueillir les pollutions \u00e9mises, qu&#8217;ils sont le terrain de jeux ou le vivier de nos clients, que c\u2019est l&#8217;\u00e9cosyst\u00e8me \u00e0 prot\u00e9ger absolument, notre pr\u00e9occupation quotidienne est par cons\u00e9quent la ma\u00eetrise, la r\u00e9duction, et le recyclage de nos d\u00e9chets. La diversification de nos activit\u00e9s a notamment permis l\u2019int\u00e9gration des poussi\u00e8res de d\u00e9tourage dans des b\u00e9tons polyester en les utilisant comme charge. Le recours aux logiciels sp\u00e9cialis\u00e9s dans la construction &#8211; ORCA 3D &#8211; permet de rendre nos bateaux toujours plus performants et d\u2019abaisser leur empreinte carbone. L\u2019all\u00e8gement des coques par un calcul plus fin des structures permet d\u2019abaisser aussi la puissance des motorisations, et \u00ab m\u00e9caniquement \u00bb les rejets \u00e9mis. La construction navale vit les m\u00eames mutations que l\u2019industrie l\u2019automobile.<\/p>\n<\/div><div class=\"fusion-clearfix\"><\/div><\/div><\/div><\/div><\/div><\/p>\n","protected":false},"excerpt":{"rendered":"","protected":false},"author":4,"featured_media":0,"parent":1956,"menu_order":0,"comment_status":"closed","ping_status":"closed","template":"100-width.php","meta":{"footnotes":""},"class_list":["post-788","page","type-page","status-publish","hentry"],"yoast_head":"<!-- This site is optimized with the Yoast SEO plugin v27.6 - https:\/\/yoast.com\/product\/yoast-seo-wordpress\/ -->\n<title>Nos valeurs - TECHMARINE<\/title>\n<meta name=\"robots\" content=\"index, follow, max-snippet:-1, max-image-preview:large, max-video-preview:-1\" \/>\n<link rel=\"canonical\" href=\"https:\/\/techmarine.mg\/?page_id=788\" \/>\n<meta property=\"og:locale\" content=\"fr_FR\" \/>\n<meta property=\"og:type\" content=\"article\" \/>\n<meta property=\"og:title\" content=\"Nos valeurs - TECHMARINE\" \/>\n<meta property=\"og:url\" content=\"https:\/\/techmarine.mg\/?page_id=788\" \/>\n<meta property=\"og:site_name\" content=\"TECHMARINE\" \/>\n<meta property=\"article:modified_time\" content=\"2019-04-04T07:59:09+00:00\" \/>\n<meta name=\"twitter:card\" content=\"summary_large_image\" \/>\n<meta name=\"twitter:label1\" content=\"Dur\u00e9e de lecture estim\u00e9e\" \/>\n\t<meta name=\"twitter:data1\" content=\"10 minutes\" \/>\n<script type=\"application\/ld+json\" class=\"yoast-schema-graph\">{\"@context\":\"https:\\\/\\\/schema.org\",\"@graph\":[{\"@type\":\"WebPage\",\"@id\":\"https:\\\/\\\/techmarine.mg\\\/?page_id=788\",\"url\":\"https:\\\/\\\/techmarine.mg\\\/?page_id=788\",\"name\":\"Nos valeurs - TECHMARINE\",\"isPartOf\":{\"@id\":\"https:\\\/\\\/techmarine.mg\\\/#website\"},\"datePublished\":\"2019-02-25T08:38:24+00:00\",\"dateModified\":\"2019-04-04T07:59:09+00:00\",\"breadcrumb\":{\"@id\":\"https:\\\/\\\/techmarine.mg\\\/?page_id=788#breadcrumb\"},\"inLanguage\":\"fr-FR\",\"potentialAction\":[{\"@type\":\"ReadAction\",\"target\":[\"https:\\\/\\\/techmarine.mg\\\/?page_id=788\"]}]},{\"@type\":\"BreadcrumbList\",\"@id\":\"https:\\\/\\\/techmarine.mg\\\/?page_id=788#breadcrumb\",\"itemListElement\":[{\"@type\":\"ListItem\",\"position\":1,\"name\":\"Accueil\",\"item\":\"https:\\\/\\\/techmarine.mg\\\/\"},{\"@type\":\"ListItem\",\"position\":2,\"name\":\"Techmarine\",\"item\":\"https:\\\/\\\/techmarine.mg\\\/?page_id=1956\"},{\"@type\":\"ListItem\",\"position\":3,\"name\":\"Nos valeurs\"}]},{\"@type\":\"WebSite\",\"@id\":\"https:\\\/\\\/techmarine.mg\\\/#website\",\"url\":\"https:\\\/\\\/techmarine.mg\\\/\",\"name\":\"TECHMARINE\",\"description\":\"Construction navale \u00e0 Madagascar\",\"potentialAction\":[{\"@type\":\"SearchAction\",\"target\":{\"@type\":\"EntryPoint\",\"urlTemplate\":\"https:\\\/\\\/techmarine.mg\\\/?s={search_term_string}\"},\"query-input\":{\"@type\":\"PropertyValueSpecification\",\"valueRequired\":true,\"valueName\":\"search_term_string\"}}],\"inLanguage\":\"fr-FR\"}]}<\/script>\n<!-- \/ Yoast SEO plugin. -->","yoast_head_json":{"title":"Nos valeurs - TECHMARINE","robots":{"index":"index","follow":"follow","max-snippet":"max-snippet:-1","max-image-preview":"max-image-preview:large","max-video-preview":"max-video-preview:-1"},"canonical":"https:\/\/techmarine.mg\/?page_id=788","og_locale":"fr_FR","og_type":"article","og_title":"Nos valeurs - TECHMARINE","og_url":"https:\/\/techmarine.mg\/?page_id=788","og_site_name":"TECHMARINE","article_modified_time":"2019-04-04T07:59:09+00:00","twitter_card":"summary_large_image","twitter_misc":{"Dur\u00e9e de lecture estim\u00e9e":"10 minutes"},"schema":{"@context":"https:\/\/schema.org","@graph":[{"@type":"WebPage","@id":"https:\/\/techmarine.mg\/?page_id=788","url":"https:\/\/techmarine.mg\/?page_id=788","name":"Nos valeurs - TECHMARINE","isPartOf":{"@id":"https:\/\/techmarine.mg\/#website"},"datePublished":"2019-02-25T08:38:24+00:00","dateModified":"2019-04-04T07:59:09+00:00","breadcrumb":{"@id":"https:\/\/techmarine.mg\/?page_id=788#breadcrumb"},"inLanguage":"fr-FR","potentialAction":[{"@type":"ReadAction","target":["https:\/\/techmarine.mg\/?page_id=788"]}]},{"@type":"BreadcrumbList","@id":"https:\/\/techmarine.mg\/?page_id=788#breadcrumb","itemListElement":[{"@type":"ListItem","position":1,"name":"Accueil","item":"https:\/\/techmarine.mg\/"},{"@type":"ListItem","position":2,"name":"Techmarine","item":"https:\/\/techmarine.mg\/?page_id=1956"},{"@type":"ListItem","position":3,"name":"Nos valeurs"}]},{"@type":"WebSite","@id":"https:\/\/techmarine.mg\/#website","url":"https:\/\/techmarine.mg\/","name":"TECHMARINE","description":"Construction navale \u00e0 Madagascar","potentialAction":[{"@type":"SearchAction","target":{"@type":"EntryPoint","urlTemplate":"https:\/\/techmarine.mg\/?s={search_term_string}"},"query-input":{"@type":"PropertyValueSpecification","valueRequired":true,"valueName":"search_term_string"}}],"inLanguage":"fr-FR"}]}},"_links":{"self":[{"href":"https:\/\/techmarine.mg\/index.php?rest_route=\/wp\/v2\/pages\/788","targetHints":{"allow":["GET"]}}],"collection":[{"href":"https:\/\/techmarine.mg\/index.php?rest_route=\/wp\/v2\/pages"}],"about":[{"href":"https:\/\/techmarine.mg\/index.php?rest_route=\/wp\/v2\/types\/page"}],"author":[{"embeddable":true,"href":"https:\/\/techmarine.mg\/index.php?rest_route=\/wp\/v2\/users\/4"}],"replies":[{"embeddable":true,"href":"https:\/\/techmarine.mg\/index.php?rest_route=%2Fwp%2Fv2%2Fcomments&post=788"}],"version-history":[{"count":65,"href":"https:\/\/techmarine.mg\/index.php?rest_route=\/wp\/v2\/pages\/788\/revisions"}],"predecessor-version":[{"id":2038,"href":"https:\/\/techmarine.mg\/index.php?rest_route=\/wp\/v2\/pages\/788\/revisions\/2038"}],"up":[{"embeddable":true,"href":"https:\/\/techmarine.mg\/index.php?rest_route=\/wp\/v2\/pages\/1956"}],"wp:attachment":[{"href":"https:\/\/techmarine.mg\/index.php?rest_route=%2Fwp%2Fv2%2Fmedia&parent=788"}],"curies":[{"name":"wp","href":"https:\/\/api.w.org\/{rel}","templated":true}]}}