{"id":205,"date":"2019-02-10T09:48:47","date_gmt":"2019-02-10T08:48:47","guid":{"rendered":"https:\/\/techmarine.mg\/?page_id=205"},"modified":"2025-07-15T08:01:14","modified_gmt":"2025-07-15T06:01:14","slug":"mercury","status":"publish","type":"page","link":"https:\/\/techmarine.mg\/?page_id=205","title":{"rendered":"Mercury"},"content":{"rendered":"<p><div class=\"fusion-fullwidth fullwidth-box fusion-builder-row-1 nonhundred-percent-fullwidth non-hundred-percent-height-scrolling bloc-moteur-mercury\" style=\"--awb-border-radius-top-left:0px;--awb-border-radius-top-right:0px;--awb-border-radius-bottom-right:0px;--awb-border-radius-bottom-left:0px;--awb-flex-wrap:wrap;\" ><div class=\"fusion-builder-row fusion-row\"><div class=\"fusion-layout-column fusion_builder_column fusion-builder-column-0 fusion_builder_column_1_1 1_1 fusion-one-full fusion-column-first fusion-column-last\" style=\"--awb-bg-size:cover;\"><div class=\"fusion-column-wrapper fusion-flex-column-wrapper-legacy\"><div class=\"fusion-title title fusion-title-1 fusion-sep-none fusion-title-center fusion-title-text fusion-title-size-one\" style=\"--awb-margin-top-small:10px;--awb-margin-right-small:0px;--awb-margin-bottom-small:10px;--awb-margin-left-small:0px;\"><h1 class=\"fusion-title-heading title-heading-center\" style=\"margin:0;\">MOTEURS MERCURY MARINE, EXCLUSIVITE TECHMARINE<\/h1><\/div><div class=\"fusion-image-element fusion-image-align-center in-legacy-container\" style=\"text-align:center;--awb-caption-title-font-family:var(--h2_typography-font-family);--awb-caption-title-font-weight:var(--h2_typography-font-weight);--awb-caption-title-font-style:var(--h2_typography-font-style);--awb-caption-title-size:var(--h2_typography-font-size);--awb-caption-title-transform:var(--h2_typography-text-transform);--awb-caption-title-line-height:var(--h2_typography-line-height);--awb-caption-title-letter-spacing:var(--h2_typography-letter-spacing);\"><div class=\"imageframe-align-center\"><span class=\" fusion-imageframe imageframe-none imageframe-1 hover-type-none\"><img decoding=\"async\" width=\"531\" height=\"201\" title=\"Mercury_title_Techmarine_web_small\" src=\"https:\/\/techmarine.mg\/wp-content\/uploads\/2025\/07\/Mercury_title_Techmarine_web_small.png\" alt class=\"img-responsive wp-image-4374\" srcset=\"https:\/\/techmarine.mg\/wp-content\/uploads\/2025\/07\/Mercury_title_Techmarine_web_small-200x76.png 200w, https:\/\/techmarine.mg\/wp-content\/uploads\/2025\/07\/Mercury_title_Techmarine_web_small-400x151.png 400w, https:\/\/techmarine.mg\/wp-content\/uploads\/2025\/07\/Mercury_title_Techmarine_web_small.png 531w\" sizes=\"(max-width: 800px) 100vw, 531px\" \/><\/span><\/div><\/div><div class=\"fusion-clearfix\"><\/div><\/div><\/div><\/div><\/div><div class=\"fusion-fullwidth fullwidth-box fusion-builder-row-2 nonhundred-percent-fullwidth non-hundred-percent-height-scrolling smart-craft-h2\" style=\"--awb-border-radius-top-left:0px;--awb-border-radius-top-right:0px;--awb-border-radius-bottom-right:0px;--awb-border-radius-bottom-left:0px;--awb-margin-bottom:20px;--awb-background-color:#ffffff;--awb-flex-wrap:wrap;\" ><div class=\"fusion-builder-row fusion-row\"><div class=\"fusion-layout-column fusion_builder_column fusion-builder-column-1 fusion_builder_column_1_1 1_1 fusion-one-full fusion-column-first fusion-column-last\" style=\"--awb-bg-size:cover;\"><div class=\"fusion-column-wrapper fusion-flex-column-wrapper-legacy\"><div class=\"fusion-title title fusion-title-2 fusion-sep-none fusion-title-center fusion-title-text fusion-title-size-two\" style=\"--awb-margin-top-small:10px;--awb-margin-right-small:0px;--awb-margin-bottom-small:10px;--awb-margin-left-small:0px;\"><h2 class=\"fusion-title-heading title-heading-center\" style=\"margin:0;\">SMARTCRAFT<\/h2><\/div><div class=\"fusion-sep-clear\"><\/div><div class=\"fusion-separator\" style=\"margin-left: auto;margin-right: auto;margin-bottom:33px;width:100%;max-width:30%;\"><div class=\"fusion-separator-border sep-single sep-solid\" style=\"--awb-height:20px;--awb-amount:20px;--awb-sep-color:#273879;border-color:#273879;border-top-width:1px;\"><\/div><\/div><div class=\"fusion-sep-clear\"><\/div><div class=\"fusion-text fusion-text-1\"><p style=\"text-align: center;\" data-start=\"105\" data-end=\"446\"><strong data-start=\"105\" data-end=\"194\">La s\u00e9curit\u00e9 et le confort \u00e0 bord reposent sur une information pr\u00e9cise et centralis\u00e9e.<\/strong><br data-start=\"194\" data-end=\"197\" \/><strong data-start=\"197\" data-end=\"341\">C\u2019est pourquoi Mercury Marine a con\u00e7u SmartCraft : une technologie intelligente qui connecte et g\u00e8re l\u2019ensemble des syst\u00e8mes de votre bateau<\/strong> (moteur, GPS, sondeur, r\u00e9servoir et bien plus encore) , pour une navigation ma\u00eetris\u00e9e en toute s\u00e9r\u00e9nit\u00e9.<\/p>\n<p style=\"text-align: center;\" data-start=\"448\" data-end=\"548\"><strong data-start=\"448\" data-end=\"548\">N&#8217;h\u00e9sitez pas \u00e0 nous contacter, notre \u00e9quipe se tient \u00e0 votre disposition pour vous accompagner.<\/strong><\/p>\n<\/div><div class=\"fusion-clearfix\"><\/div><\/div><\/div><\/div><\/div><div class=\"fusion-fullwidth fullwidth-box fusion-builder-row-3 hundred-percent-fullwidth non-hundred-percent-height-scrolling\" style=\"--awb-border-radius-top-left:0px;--awb-border-radius-top-right:0px;--awb-border-radius-bottom-right:0px;--awb-border-radius-bottom-left:0px;--awb-padding-right:0px;--awb-flex-wrap:wrap;\" ><div class=\"fusion-builder-row fusion-row\"><div class=\"fusion-layout-column fusion_builder_column fusion-builder-column-2 fusion_builder_column_1_2 1_2 fusion-one-half fusion-column-first fusion-animated list-moteur-mercury\" style=\"--awb-bg-size:cover;--awb-margin-top:80px;width:50%;width:calc(50% - ( ( 4% ) * 0.5 ) );margin-right: 4%;\" data-animationType=\"slideInLeft\" data-animationDuration=\"0.7\" data-animationOffset=\"top-into-view\"><div class=\"fusion-column-wrapper fusion-flex-column-wrapper-legacy\"><div class=\"fusion-title title fusion-title-3 fusion-sep-none fusion-title-center fusion-title-text fusion-title-size-two\" style=\"--awb-margin-top-small:10px;--awb-margin-right-small:0px;--awb-margin-bottom-small:10px;--awb-margin-left-small:0px;\"><h2 class=\"fusion-title-heading title-heading-center\" style=\"margin:0;\">LES MOTEURS MERCURY<\/h2><\/div><div class=\"fusion-sep-clear\"><\/div><div class=\"fusion-separator\" style=\"margin-left: auto;margin-right: auto;margin-bottom:33px;width:100%;max-width:30%;\"><div class=\"fusion-separator-border sep-single sep-solid\" style=\"--awb-height:20px;--awb-amount:20px;--awb-sep-color:#273879;border-color:#273879;border-top-width:1px;\"><\/div><\/div><div class=\"fusion-sep-clear\"><\/div><div class=\"accordian fusion-accordian toggle-moteur-mercury\" style=\"--awb-border-size:1px;--awb-icon-size:13px;--awb-content-font-size:17px;--awb-icon-alignment:left;--awb-hover-color:#f9f9f9;--awb-border-color:#cccccc;--awb-background-color:#ffffff;--awb-divider-color:#e0dede;--awb-divider-hover-color:#e0dede;--awb-icon-color:#ffffff;--awb-title-color:#333333;--awb-content-color:#747474;--awb-icon-box-color:#333333;--awb-toggle-hover-accent-color:#273879;--awb-title-font-family:&quot;Oswald&quot;;--awb-title-font-weight:regular;--awb-title-font-style:normal;--awb-title-font-size:17px;--awb-title-line-height:1.5;--awb-content-font-family:&quot;Roboto&quot;;--awb-content-font-style:normal;--awb-content-font-weight:300;\"><div class=\"panel-group fusion-toggle-icon-boxed\" id=\"accordion-205-1\"><div class=\"fusion-panel panel-default panel-5f522f12ce2b0bb1a fusion-toggle-has-divider\"><div class=\"panel-heading\"><h4 class=\"panel-title toggle\" id=\"toggle_5f522f12ce2b0bb1a\"><a aria-expanded=\"false\" aria-controls=\"5f522f12ce2b0bb1a\" role=\"button\" data-toggle=\"collapse\" data-parent=\"#accordion-205-1\" data-target=\"#5f522f12ce2b0bb1a\" href=\"#5f522f12ce2b0bb1a\"><span class=\"fusion-toggle-icon-wrapper\" aria-hidden=\"true\"><i class=\"fa-fusion-box active-icon awb-icon-minus\" aria-hidden=\"true\"><\/i><i class=\"fa-fusion-box inactive-icon awb-icon-plus\" aria-hidden=\"true\"><\/i><\/span><span class=\"fusion-toggle-heading\">VERADO Line <\/span><\/a><\/h4><\/div><div id=\"5f522f12ce2b0bb1a\" class=\"panel-collapse collapse \" aria-labelledby=\"toggle_5f522f12ce2b0bb1a\"><div class=\"panel-body toggle-content fusion-clearfix\">\n<p>4 Temps de 200 cv \u00e0 300 cv<\/p>\n<\/div><\/div><\/div><div class=\"fusion-panel panel-default panel-96d6b1b4158c17ec8 fusion-toggle-has-divider\"><div class=\"panel-heading\"><h4 class=\"panel-title toggle\" id=\"toggle_96d6b1b4158c17ec8\"><a aria-expanded=\"false\" aria-controls=\"96d6b1b4158c17ec8\" role=\"button\" data-toggle=\"collapse\" data-parent=\"#accordion-205-1\" data-target=\"#96d6b1b4158c17ec8\" href=\"#96d6b1b4158c17ec8\"><span class=\"fusion-toggle-icon-wrapper\" aria-hidden=\"true\"><i class=\"fa-fusion-box active-icon awb-icon-minus\" aria-hidden=\"true\"><\/i><i class=\"fa-fusion-box inactive-icon awb-icon-plus\" aria-hidden=\"true\"><\/i><\/span><span class=\"fusion-toggle-heading\">SEAPRO 4 temps<\/span><\/a><\/h4><\/div><div id=\"96d6b1b4158c17ec8\" class=\"panel-collapse collapse \" aria-labelledby=\"toggle_96d6b1b4158c17ec8\"><div class=\"panel-body toggle-content fusion-clearfix\">\n<p>4 Temps de 75 \u00e0 150 cv<\/p>\n<\/div><\/div><\/div><div class=\"fusion-panel panel-default panel-bd485faf6565b8668 fusion-toggle-has-divider\"><div class=\"panel-heading\"><h4 class=\"panel-title toggle\" id=\"toggle_bd485faf6565b8668\"><a aria-expanded=\"false\" aria-controls=\"bd485faf6565b8668\" role=\"button\" data-toggle=\"collapse\" data-parent=\"#accordion-205-1\" data-target=\"#bd485faf6565b8668\" href=\"#bd485faf6565b8668\"><span class=\"fusion-toggle-icon-wrapper\" aria-hidden=\"true\"><i class=\"fa-fusion-box active-icon awb-icon-minus\" aria-hidden=\"true\"><\/i><i class=\"fa-fusion-box inactive-icon awb-icon-plus\" aria-hidden=\"true\"><\/i><\/span><span class=\"fusion-toggle-heading\">SEAPRO 2 Temps<\/span><\/a><\/h4><\/div><div id=\"bd485faf6565b8668\" class=\"panel-collapse collapse \" aria-labelledby=\"toggle_bd485faf6565b8668\"><div class=\"panel-body toggle-content fusion-clearfix\">\n<p>2 Temps 15 cv \u00e0 75 cv<\/p>\n<\/div><\/div><\/div><div class=\"fusion-panel panel-default panel-8b6477bbd05c4d148 fusion-toggle-has-divider\"><div class=\"panel-heading\"><h4 class=\"panel-title toggle\" id=\"toggle_8b6477bbd05c4d148\"><a aria-expanded=\"false\" aria-controls=\"8b6477bbd05c4d148\" role=\"button\" data-toggle=\"collapse\" data-parent=\"#accordion-205-1\" data-target=\"#8b6477bbd05c4d148\" href=\"#8b6477bbd05c4d148\"><span class=\"fusion-toggle-icon-wrapper\" aria-hidden=\"true\"><i class=\"fa-fusion-box active-icon awb-icon-minus\" aria-hidden=\"true\"><\/i><i class=\"fa-fusion-box inactive-icon awb-icon-plus\" aria-hidden=\"true\"><\/i><\/span><span class=\"fusion-toggle-heading\">MERCURY 4 Temps<\/span><\/a><\/h4><\/div><div id=\"8b6477bbd05c4d148\" class=\"panel-collapse collapse \" aria-labelledby=\"toggle_8b6477bbd05c4d148\"><div class=\"panel-body toggle-content fusion-clearfix\">\n<p>4 Temps Standard de 2,5 \u00e0 150 cv<\/p>\n<\/div><\/div><\/div><div class=\"fusion-panel panel-default panel-da0ee282e5966b596 fusion-toggle-has-divider\"><div class=\"panel-heading\"><h4 class=\"panel-title toggle\" id=\"toggle_da0ee282e5966b596\"><a aria-expanded=\"false\" aria-controls=\"da0ee282e5966b596\" role=\"button\" data-toggle=\"collapse\" data-parent=\"#accordion-205-1\" data-target=\"#da0ee282e5966b596\" href=\"#da0ee282e5966b596\"><span class=\"fusion-toggle-icon-wrapper\" aria-hidden=\"true\"><i class=\"fa-fusion-box active-icon awb-icon-minus\" aria-hidden=\"true\"><\/i><i class=\"fa-fusion-box inactive-icon awb-icon-plus\" aria-hidden=\"true\"><\/i><\/span><span class=\"fusion-toggle-heading\">MERCURY 2 Temps<\/span><\/a><\/h4><\/div><div id=\"da0ee282e5966b596\" class=\"panel-collapse collapse \" aria-labelledby=\"toggle_da0ee282e5966b596\"><div class=\"panel-body toggle-content fusion-clearfix\">\n<p>2 Temps Standard de 2,5 cv \u00e0 9.9 cv<\/p>\n<\/div><\/div><\/div><\/div><\/div><div class=\"fusion-clearfix\"><\/div><\/div><\/div><div class=\"fusion-layout-column fusion_builder_column fusion-builder-column-3 fusion_builder_column_1_2 1_2 fusion-one-half fusion-column-last\" style=\"--awb-bg-size:cover;width:50%;width:calc(50% - ( ( 4% ) * 0.5 ) );\"><div class=\"fusion-column-wrapper fusion-flex-column-wrapper-legacy\"><div class=\"fusion-image-element fusion-image-align-right in-legacy-container\" style=\"text-align:right;--awb-caption-title-font-family:var(--h2_typography-font-family);--awb-caption-title-font-weight:var(--h2_typography-font-weight);--awb-caption-title-font-style:var(--h2_typography-font-style);--awb-caption-title-size:var(--h2_typography-font-size);--awb-caption-title-transform:var(--h2_typography-text-transform);--awb-caption-title-line-height:var(--h2_typography-line-height);--awb-caption-title-letter-spacing:var(--h2_typography-letter-spacing);\"><span class=\" fusion-imageframe imageframe-none imageframe-2 hover-type-none\" style=\"margin-left:25px;float:right;\"><img decoding=\"async\" width=\"687\" height=\"500\" title=\"techmarine-madagascar-moteurs-mercury-584\" src=\"https:\/\/techmarine.mg\/wp-content\/uploads\/2021\/03\/techmarine-madagascar-moteurs-mercury-584.jpg\" alt class=\"img-responsive wp-image-2778\" srcset=\"https:\/\/techmarine.mg\/wp-content\/uploads\/2021\/03\/techmarine-madagascar-moteurs-mercury-584-200x146.jpg 200w, https:\/\/techmarine.mg\/wp-content\/uploads\/2021\/03\/techmarine-madagascar-moteurs-mercury-584-400x291.jpg 400w, https:\/\/techmarine.mg\/wp-content\/uploads\/2021\/03\/techmarine-madagascar-moteurs-mercury-584-600x437.jpg 600w, https:\/\/techmarine.mg\/wp-content\/uploads\/2021\/03\/techmarine-madagascar-moteurs-mercury-584.jpg 687w\" sizes=\"(max-width: 800px) 100vw, 600px\" \/><\/span><\/div><div class=\"fusion-clearfix\"><\/div><\/div><\/div><\/div><\/div><div class=\"fusion-fullwidth fullwidth-box fusion-builder-row-4 hundred-percent-fullwidth non-hundred-percent-height-scrolling\" style=\"--awb-border-radius-top-left:0px;--awb-border-radius-top-right:0px;--awb-border-radius-bottom-right:0px;--awb-border-radius-bottom-left:0px;--awb-padding-left:0px;--awb-margin-top:55px;--awb-flex-wrap:wrap;\" ><div class=\"fusion-builder-row fusion-row\"><div class=\"fusion-layout-column fusion_builder_column fusion-builder-column-4 fusion_builder_column_1_2 1_2 fusion-one-half fusion-column-first\" style=\"--awb-bg-size:cover;width:50%;width:calc(50% - ( ( 4% ) * 0.5 ) );margin-right: 4%;\"><div class=\"fusion-column-wrapper fusion-flex-column-wrapper-legacy\"><div class=\"fusion-image-element fusion-image-align-left in-legacy-container\" style=\"text-align:left;--awb-caption-title-font-family:var(--h2_typography-font-family);--awb-caption-title-font-weight:var(--h2_typography-font-weight);--awb-caption-title-font-style:var(--h2_typography-font-style);--awb-caption-title-size:var(--h2_typography-font-size);--awb-caption-title-transform:var(--h2_typography-text-transform);--awb-caption-title-line-height:var(--h2_typography-line-height);--awb-caption-title-letter-spacing:var(--h2_typography-letter-spacing);\"><span class=\" fusion-imageframe imageframe-none imageframe-3 hover-type-none\" style=\"margin-right:25px;float:left;\"><img decoding=\"async\" width=\"687\" height=\"500\" title=\"techmarine-madagascar-moteurs-mercury-120\" src=\"https:\/\/techmarine.mg\/wp-content\/uploads\/2021\/03\/techmarine-madagascar-moteurs-mercury-120.jpg\" alt class=\"img-responsive wp-image-2780\" srcset=\"https:\/\/techmarine.mg\/wp-content\/uploads\/2021\/03\/techmarine-madagascar-moteurs-mercury-120-200x146.jpg 200w, https:\/\/techmarine.mg\/wp-content\/uploads\/2021\/03\/techmarine-madagascar-moteurs-mercury-120-400x291.jpg 400w, https:\/\/techmarine.mg\/wp-content\/uploads\/2021\/03\/techmarine-madagascar-moteurs-mercury-120-600x437.jpg 600w, https:\/\/techmarine.mg\/wp-content\/uploads\/2021\/03\/techmarine-madagascar-moteurs-mercury-120.jpg 687w\" sizes=\"(max-width: 800px) 100vw, 600px\" \/><\/span><\/div><div class=\"fusion-clearfix\"><\/div><\/div><\/div><div class=\"fusion-layout-column fusion_builder_column fusion-builder-column-5 fusion_builder_column_1_2 1_2 fusion-one-half fusion-column-last fusion-animated mercury-garant\" style=\"--awb-bg-size:cover;--awb-margin-top:120px;width:50%;width:calc(50% - ( ( 4% ) * 0.5 ) );\" data-animationType=\"slideInRight\" data-animationDuration=\"0.7\" data-animationOffset=\"top-into-view\"><div class=\"fusion-column-wrapper fusion-flex-column-wrapper-legacy\"><div class=\"fusion-title title fusion-title-4 fusion-sep-none fusion-title-center fusion-title-text fusion-title-size-two\" style=\"--awb-margin-top-small:10px;--awb-margin-right-small:0px;--awb-margin-bottom-small:10px;--awb-margin-left-small:0px;\"><h2 class=\"fusion-title-heading title-heading-center\" style=\"margin:0;\">GARANTIES MOTEURS<\/h2><\/div><div class=\"fusion-sep-clear\"><\/div><div class=\"fusion-separator\" style=\"margin-left: auto;margin-right: auto;margin-bottom:33px;width:100%;max-width:30%;\"><div class=\"fusion-separator-border sep-single sep-solid\" style=\"--awb-height:20px;--awb-amount:20px;--awb-sep-color:#273879;border-color:#273879;border-top-width:1px;\"><\/div><\/div><div class=\"fusion-sep-clear\"><\/div><ul style=\"--awb-size:17px;--awb-iconcolor:#273879;--awb-line-height:28.9px;--awb-icon-width:28.9px;--awb-icon-height:28.9px;--awb-icon-margin:11.9px;--awb-content-margin:40.8px;\" class=\"fusion-checklist fusion-checklist-1 fusion-checklist-default type-icons\"><li class=\"fusion-li-item\" style=\"\"><span class=\"icon-wrapper circle-no\"><i class=\"fusion-li-icon fa-check fas\" aria-hidden=\"true\"><\/i><\/span><div class=\"fusion-li-item-content\">\n<p><strong>Puissance de 3.5 \u00e0 50 cv<\/strong><br \/>\n-2 temps : 6 mois \/ 300 heures<br \/>\n-4 temps : 1 an \/ 300 heures<\/p>\n<\/div><\/li><li class=\"fusion-li-item\" style=\"\"><span class=\"icon-wrapper circle-no\"><i class=\"fusion-li-icon fa-check fas\" aria-hidden=\"true\"><\/i><\/span><div class=\"fusion-li-item-content\">\n<p><strong>Puissance de plus de 60 cv<\/strong><br \/>\n<strong>Usage priv\u00e9 :\u00a0<\/strong><br \/>\n-1 an ou 500 heures<br \/>\n<strong>Usage Professionnel :<\/strong><br \/>\n<strong>Gamme SEAPRO<\/strong><br \/>\n-Toute la gamme 2 ans ou 2 000 heures<br \/>\n<strong>Gamme EFI STd<\/strong><br \/>\n-Toute la gamme 1 an ou 500 heures<\/p>\n<\/div><\/li><li class=\"fusion-li-item\" style=\"\"><span class=\"icon-wrapper circle-no\"><i class=\"fusion-li-icon fa-exclamation-triangle fas\" aria-hidden=\"true\"><\/i><\/span><div class=\"fusion-li-item-content\">\n<p><strong>ENTRETIEN OBLIGATOIRE DANS UN CENTRE AGREE MERCURY Madagascar<\/strong> , toutes les 100 heures ou 1 fois par an. Le carnet de Garantie doit \u00eatre tamponn\u00e9 et les factures valid\u00e9es.<\/p>\n<\/div><\/li><\/ul><div class=\"fusion-clearfix\"><\/div><\/div><\/div><\/div><\/div><\/p>\n","protected":false},"excerpt":{"rendered":"","protected":false},"author":4,"featured_media":0,"parent":1963,"menu_order":0,"comment_status":"closed","ping_status":"closed","template":"100-width.php","meta":{"footnotes":""},"class_list":["post-205","page","type-page","status-publish","hentry"],"yoast_head":"<!-- This site is optimized with the Yoast SEO plugin v27.6 - https:\/\/yoast.com\/product\/yoast-seo-wordpress\/ -->\n<title>Mercury - TECHMARINE<\/title>\n<meta name=\"robots\" content=\"index, follow, max-snippet:-1, max-image-preview:large, max-video-preview:-1\" \/>\n<link rel=\"canonical\" href=\"https:\/\/techmarine.mg\/?page_id=205\" \/>\n<meta property=\"og:locale\" content=\"fr_FR\" \/>\n<meta property=\"og:type\" content=\"article\" \/>\n<meta property=\"og:title\" content=\"Mercury - TECHMARINE\" \/>\n<meta property=\"og:url\" content=\"https:\/\/techmarine.mg\/?page_id=205\" \/>\n<meta property=\"og:site_name\" content=\"TECHMARINE\" \/>\n<meta property=\"article:modified_time\" content=\"2025-07-15T06:01:14+00:00\" \/>\n<meta name=\"twitter:card\" content=\"summary_large_image\" \/>\n<meta name=\"twitter:label1\" content=\"Dur\u00e9e de lecture estim\u00e9e\" \/>\n\t<meta name=\"twitter:data1\" content=\"6 minutes\" \/>\n<script type=\"application\/ld+json\" class=\"yoast-schema-graph\">{\"@context\":\"https:\\\/\\\/schema.org\",\"@graph\":[{\"@type\":\"WebPage\",\"@id\":\"https:\\\/\\\/techmarine.mg\\\/?page_id=205\",\"url\":\"https:\\\/\\\/techmarine.mg\\\/?page_id=205\",\"name\":\"Mercury - TECHMARINE\",\"isPartOf\":{\"@id\":\"https:\\\/\\\/techmarine.mg\\\/#website\"},\"datePublished\":\"2019-02-10T08:48:47+00:00\",\"dateModified\":\"2025-07-15T06:01:14+00:00\",\"breadcrumb\":{\"@id\":\"https:\\\/\\\/techmarine.mg\\\/?page_id=205#breadcrumb\"},\"inLanguage\":\"fr-FR\",\"potentialAction\":[{\"@type\":\"ReadAction\",\"target\":[\"https:\\\/\\\/techmarine.mg\\\/?page_id=205\"]}]},{\"@type\":\"BreadcrumbList\",\"@id\":\"https:\\\/\\\/techmarine.mg\\\/?page_id=205#breadcrumb\",\"itemListElement\":[{\"@type\":\"ListItem\",\"position\":1,\"name\":\"Accueil\",\"item\":\"https:\\\/\\\/techmarine.mg\\\/\"},{\"@type\":\"ListItem\",\"position\":2,\"name\":\"Motorisation marine\",\"item\":\"https:\\\/\\\/techmarine.mg\\\/?page_id=1963\"},{\"@type\":\"ListItem\",\"position\":3,\"name\":\"Mercury\"}]},{\"@type\":\"WebSite\",\"@id\":\"https:\\\/\\\/techmarine.mg\\\/#website\",\"url\":\"https:\\\/\\\/techmarine.mg\\\/\",\"name\":\"TECHMARINE\",\"description\":\"Construction navale \u00e0 Madagascar\",\"potentialAction\":[{\"@type\":\"SearchAction\",\"target\":{\"@type\":\"EntryPoint\",\"urlTemplate\":\"https:\\\/\\\/techmarine.mg\\\/?s={search_term_string}\"},\"query-input\":{\"@type\":\"PropertyValueSpecification\",\"valueRequired\":true,\"valueName\":\"search_term_string\"}}],\"inLanguage\":\"fr-FR\"}]}<\/script>\n<!-- \/ Yoast SEO plugin. -->","yoast_head_json":{"title":"Mercury - TECHMARINE","robots":{"index":"index","follow":"follow","max-snippet":"max-snippet:-1","max-image-preview":"max-image-preview:large","max-video-preview":"max-video-preview:-1"},"canonical":"https:\/\/techmarine.mg\/?page_id=205","og_locale":"fr_FR","og_type":"article","og_title":"Mercury - TECHMARINE","og_url":"https:\/\/techmarine.mg\/?page_id=205","og_site_name":"TECHMARINE","article_modified_time":"2025-07-15T06:01:14+00:00","twitter_card":"summary_large_image","twitter_misc":{"Dur\u00e9e de lecture estim\u00e9e":"6 minutes"},"schema":{"@context":"https:\/\/schema.org","@graph":[{"@type":"WebPage","@id":"https:\/\/techmarine.mg\/?page_id=205","url":"https:\/\/techmarine.mg\/?page_id=205","name":"Mercury - TECHMARINE","isPartOf":{"@id":"https:\/\/techmarine.mg\/#website"},"datePublished":"2019-02-10T08:48:47+00:00","dateModified":"2025-07-15T06:01:14+00:00","breadcrumb":{"@id":"https:\/\/techmarine.mg\/?page_id=205#breadcrumb"},"inLanguage":"fr-FR","potentialAction":[{"@type":"ReadAction","target":["https:\/\/techmarine.mg\/?page_id=205"]}]},{"@type":"BreadcrumbList","@id":"https:\/\/techmarine.mg\/?page_id=205#breadcrumb","itemListElement":[{"@type":"ListItem","position":1,"name":"Accueil","item":"https:\/\/techmarine.mg\/"},{"@type":"ListItem","position":2,"name":"Motorisation marine","item":"https:\/\/techmarine.mg\/?page_id=1963"},{"@type":"ListItem","position":3,"name":"Mercury"}]},{"@type":"WebSite","@id":"https:\/\/techmarine.mg\/#website","url":"https:\/\/techmarine.mg\/","name":"TECHMARINE","description":"Construction navale \u00e0 Madagascar","potentialAction":[{"@type":"SearchAction","target":{"@type":"EntryPoint","urlTemplate":"https:\/\/techmarine.mg\/?s={search_term_string}"},"query-input":{"@type":"PropertyValueSpecification","valueRequired":true,"valueName":"search_term_string"}}],"inLanguage":"fr-FR"}]}},"_links":{"self":[{"href":"https:\/\/techmarine.mg\/index.php?rest_route=\/wp\/v2\/pages\/205","targetHints":{"allow":["GET"]}}],"collection":[{"href":"https:\/\/techmarine.mg\/index.php?rest_route=\/wp\/v2\/pages"}],"about":[{"href":"https:\/\/techmarine.mg\/index.php?rest_route=\/wp\/v2\/types\/page"}],"author":[{"embeddable":true,"href":"https:\/\/techmarine.mg\/index.php?rest_route=\/wp\/v2\/users\/4"}],"replies":[{"embeddable":true,"href":"https:\/\/techmarine.mg\/index.php?rest_route=%2Fwp%2Fv2%2Fcomments&post=205"}],"version-history":[{"count":87,"href":"https:\/\/techmarine.mg\/index.php?rest_route=\/wp\/v2\/pages\/205\/revisions"}],"predecessor-version":[{"id":4378,"href":"https:\/\/techmarine.mg\/index.php?rest_route=\/wp\/v2\/pages\/205\/revisions\/4378"}],"up":[{"embeddable":true,"href":"https:\/\/techmarine.mg\/index.php?rest_route=\/wp\/v2\/pages\/1963"}],"wp:attachment":[{"href":"https:\/\/techmarine.mg\/index.php?rest_route=%2Fwp%2Fv2%2Fmedia&parent=205"}],"curies":[{"name":"wp","href":"https:\/\/api.w.org\/{rel}","templated":true}]}}