{"id":1835,"date":"2019-03-28T14:30:04","date_gmt":"2019-03-28T13:30:04","guid":{"rendered":"https:\/\/techmarine.mg\/?page_id=1835"},"modified":"2025-09-03T14:56:14","modified_gmt":"2025-09-03T12:56:14","slug":"plaisance","status":"publish","type":"page","link":"https:\/\/techmarine.mg\/?page_id=1835","title":{"rendered":"Plaisance"},"content":{"rendered":"<p><div class=\"fusion-fullwidth fullwidth-box fusion-builder-row-1 nonhundred-percent-fullwidth non-hundred-percent-height-scrolling bloc-bateaux-plaisance\" style=\"--awb-border-radius-top-left:0px;--awb-border-radius-top-right:0px;--awb-border-radius-bottom-right:0px;--awb-border-radius-bottom-left:0px;--awb-flex-wrap:wrap;\" ><div class=\"fusion-builder-row fusion-row\"><div class=\"fusion-layout-column fusion_builder_column fusion-builder-column-0 fusion_builder_column_1_1 1_1 fusion-one-full fusion-column-first fusion-column-last\" style=\"--awb-bg-size:cover;\"><div class=\"fusion-column-wrapper fusion-flex-column-wrapper-legacy\"><div class=\"fusion-title title fusion-title-1 fusion-sep-none fusion-title-center fusion-title-text fusion-title-size-one\" style=\"--awb-margin-top-small:10px;--awb-margin-right-small:0px;--awb-margin-bottom-small:10px;--awb-margin-left-small:0px;\"><h1 class=\"fusion-title-heading title-heading-center\" style=\"margin:0;\">LES BATEAUX DE PLAISANCE TECHMARINE<\/h1><\/div><div class=\"fusion-clearfix\"><\/div><\/div><\/div><\/div><\/div><div class=\"fusion-fullwidth fullwidth-box fusion-builder-row-2 nonhundred-percent-fullwidth non-hundred-percent-height-scrolling\" style=\"--awb-border-radius-top-left:0px;--awb-border-radius-top-right:0px;--awb-border-radius-bottom-right:0px;--awb-border-radius-bottom-left:0px;--awb-flex-wrap:wrap;\" ><div class=\"fusion-builder-row fusion-row\"><div class=\"fusion-layout-column fusion_builder_column fusion-builder-column-1 fusion_builder_column_1_1 1_1 fusion-one-full fusion-column-first fusion-column-last\" style=\"--awb-bg-size:cover;\"><div class=\"fusion-column-wrapper fusion-flex-column-wrapper-legacy\"><div class=\"fusion-title title fusion-title-2 fusion-sep-none fusion-title-center fusion-title-text fusion-title-size-two\" style=\"--awb-margin-bottom:21px;--awb-margin-top-small:10px;--awb-margin-right-small:0px;--awb-margin-bottom-small:10px;--awb-margin-left-small:0px;\"><h2 class=\"fusion-title-heading title-heading-center\" style=\"margin:0;\"><h2>Loisir et d\u00e9tente pour les particuliers<\/h2><\/h2><\/div><div class=\"fusion-sep-clear\"><\/div><div class=\"fusion-separator\" style=\"margin-left: auto;margin-right: auto;margin-bottom:33px;width:100%;max-width:30%;\"><div class=\"fusion-separator-border sep-single sep-solid\" style=\"--awb-height:20px;--awb-amount:20px;--awb-sep-color:#273879;border-color:#273879;border-top-width:1px;\"><\/div><\/div><div class=\"fusion-sep-clear\"><\/div><div class=\"fusion-text fusion-text-1\"><p>Dot\u00e9s de toutes les derni\u00e8res innovations de la marque, les mod\u00e8les de bateaux de plaisance Techmarine int\u00e8grent design et confort de navigation. Remarquables par son aspect sportif, les lignes Techmarine b\u00e9n\u00e9ficient d\u2019une \u00e9l\u00e9gance et d&#8217;une stabilit\u00e9 \u00e0 la mer.<br \/>\nLes options de personnalisation permettent un ombrage maximum, un espace ext\u00e9rieur am\u00e9lior\u00e9 par le bain de soleil en sellerie, un accastillage et une gamme d&#8217;outils \u00e9lectroniques s\u00e9lectionn\u00e9s chez les meilleurs fournisseurs.<\/p>\n<\/div><div class=\"fusion-button-wrapper fusion-aligncenter\"><a class=\"fusion-button button-flat fusion-button-default-size button-custom fusion-button-default button-1 fusion-button-default-span fusion-button-default-type btn_techmarine\" style=\"--button_accent_color:#ffffff;--button_accent_hover_color:#ffffff;--button_border_hover_color:#ffffff;--button_gradient_top_color:rgba(39,56,121,0.88);--button_gradient_bottom_color:rgba(39,56,121,0.88);--button_gradient_top_color_hover:#273879;--button_gradient_bottom_color_hover:#273879;\" target=\"_self\" href=\"https:\/\/techmarine.mg\/wp-content\/uploads\/2019\/10\/condition-generale-de-vente-2019-vf.pdf\"><span class=\"fusion-button-icon-divider button-icon-divider-left\"><i class=\"fa-download fas awb-button__icon awb-button__icon--default\" aria-hidden=\"true\"><\/i><\/span><span class=\"fusion-button-text awb-button__text awb-button__text--default fusion-button-text-left\">Nos conditions g\u00e9n\u00e9rales de ventes <\/span><\/a><\/div><div class=\"fusion-clearfix\"><\/div><\/div><\/div><\/div><\/div><div class=\"fusion-fullwidth fullwidth-box fusion-builder-row-3 has-pattern-background has-mask-background nonhundred-percent-fullwidth non-hundred-percent-height-scrolling\" style=\"--awb-border-radius-top-left:0px;--awb-border-radius-top-right:0px;--awb-border-radius-bottom-right:0px;--awb-border-radius-bottom-left:0px;--awb-flex-wrap:wrap;\" ><div class=\"fusion-builder-row fusion-row\"><div class=\"fusion-layout-column fusion_builder_column fusion-builder-column-2 fusion_builder_column_1_6 1_6 fusion-one-sixth fusion-column-first\" style=\"--awb-bg-size:cover;width:16.666666666667%;width:calc(16.666666666667% - ( ( 4% ) * 0.16666666666667 ) );margin-right: 4%;\"><div class=\"fusion-column-wrapper fusion-flex-column-wrapper-legacy\"><div class=\"fusion-clearfix\"><\/div><\/div><\/div><div class=\"fusion-layout-column fusion_builder_column fusion-builder-column-3 fusion_builder_column_5_6 5_6 fusion-five-sixth fusion-column-last\" style=\"--awb-bg-size:cover;width:83.333333333333%;width:calc(83.333333333333% - ( ( 4% ) * 0.83333333333333 ) );\"><div class=\"fusion-column-wrapper fusion-flex-column-wrapper-legacy\">\t\t<div class=\"post-content\">\n\t\t\t<div class=\"fusion-fullwidth fullwidth-box nonhundred-percent-fullwidth non-hundred-percent-height-scrolling tay1\" style=\"background-color: rgba(255,255,255,0);background-position: center center;background-repeat: no-repeat;padding-top:15px;padding-right:15px;padding-bottom:0px;padding-left:15px;\">\n\t\t\t\t<div class=\"fusion-builder-row fusion-row\" style=\"max-width: 85vw!important;\">\n\t\t\t\t<\/div>\n\t\t\t<\/div>\n\t\t<\/div>\n\n\t\t<div id=\"popup_wrap\">\n\n\t\t\t<div id=\"mySpinner\">\n\n\t\t\t<div class=\"outer\">\n  \t\t\t\t<div class=\"inner\">\n    \t\t\t\t<label class=\"close\">Retour<\/label>\n  \t\t\t\t<\/div>\n\t\t\t<\/div>\n\n\t\t\t\n\t\t\t<div id=\"popup_content\">\n\t\t\t\t<div id=\"popup_body\">\n\t\t\t\t\n\t\t\t\t<\/div>\t\t\t\t\t\t\t\n\t\t\t<\/div>\t\t\n\n\t\t\t<\/div>\t\n\n\t\t<\/div>\n\n\t\t<script type=\"text\/javascript\">\n\n\t\t\tjQuery(document).ready(function($){\n\t\t\t\t\n\t\t\t\t$('#popup_wrap').appendTo(jQuery('body'));\n\n\t\t\t\t$('a.show-popup').click(function(ev){\n\n\t\t\t\t\tev.preventDefault();\n\t\t\t\t\thref = $(this).attr('href');\n\t\t\t\t\t$.get(href,null,function(data){\n\t\t\t\t\t\t$('#popup_body').html(data);\n\t\t\t\t\t});\n\t\t\t\t\t\n\t\t\t\t\t$('#popup_wrap').addClass('show');\n\n\t\t\t\t\tjQuery(\"#mySpinner\").addClass(\"spinner\");\n\t\t\t\t\tsetTimeout(function(){\n\t\t\t\t\t\tjQuery(\"#mySpinner\").removeClass(\"spinner\");\n\t\t\t\t\t}, 7000);\n\n\t\t\t\t});\n\n\t\t\t\t$('.outer').click(function(){\n\t\t\t\t\tsetTimeout(function(){\n\t\t\t\t\t\t$('#popup_wrap').removeClass('show');\n\t\t\t\t\t\t$('#popup_body').html('');\n\t\t\t\t\t},1000)\n\t\t\t\t});\n\n\t\t\t});\n\n\t\t<\/script>\n\n\t\t<script type='text\/javascript'>\n\n\t\t\tjQuery(document).ready(function($) { \n\t\t\t\t$('input[name=section]').change(function(){\n\t\t\t\t\t$('form').submit();\n\t\t\t\t});\n\t\t\t});\n\n\t\t<\/script>\n\t\t\n\t\t<script>\n\t\t\t\n\t\t\tvar $container;\n\t\t\tvar filters = {};\n\n\t\t\tjQuery(document).ready(function($){\n\n\t\t\t\t$container = $('#container');\n\n\t\t\t\tvar $filterDisplay = $('#filter-display');\n  \n\t\t\t\tvar n = $(\".item\").length;\n\n\t\t\t\t$container.isotope();\n  \n\t\t\t\t$('#options').on( 'change', function( jQEvent ) {\n\t  \n\t\t\t\t\tvar $checkbox = $( jQEvent.target );\n\t\t\t\t\tmanageCheckbox( $checkbox );\n\n\t\t\t\t\tvar comboFilter = getComboFilter( filters );\n\t\t\t\t\t$container.isotope({ filter: comboFilter });\n\t\t\t\t\t$filterDisplay.text( comboFilter );\n\t\t\t\t});\n\n\t\t\t\t$('#container').imagesLoaded( function() {\n\t\t\t\t\t$container.isotope( 'reloadItems' ).isotope();\n\t\t\t\t});\n\t\t\t});\n\t\t\t\n\t\t\tfunction getComboFilter( filters ) {\n\t\t\t\tvar i = 0;\n\t\t\t\tvar comboFilters = [];\n\t\t\t\tvar message = [];\n\n\t\t\t\tfor ( var prop in filters ) {\n\t\t\t\t\tmessage.push( filters[ prop ].join(' ') );\n\t\t\t\t\tvar filterGroup = filters[ prop ];\n   \t\t\t\t\tif ( !filterGroup.length ) {\n\t\t\t\t\t\tcontinue;\n\t\t\t\t\t}\n\t\t\t\t\t\n\t\t\t\t\tif ( i === 0 ) {\n\t\t\t\t\t\tcomboFilters = filterGroup.slice(0);\n\t\t\t\t\t} \n\t\t\t\t\telse\n\t\t\t\t\t{\n\t\t\t\t\t\tvar filterSelectors = [];\n      \t\t\t\t\tvar groupCombo = comboFilters.slice(0); \n \n\t\t\t\t\t\tfor (var k=0, len3 = filterGroup.length; k < len3; k++) {\n\t\t\t\t\t\t\tfor (var j=0, len2 = groupCombo.length; j < len2; j++) {\n\t\t\t\t\t\t\t\tfilterSelectors.push( groupCombo[j] + filterGroup[k] ); \n\t\t\t\t\t\t\t}\n\n\t\t\t\t\t\t}\n\t  \n\t\t\t\t\t\tcomboFilters = filterSelectors;\n\t\t\t\t\t}\n\t\t\t\t\ti++;\n\t\t\t\t}\n\n\t\t\t\tvar comboFilter = comboFilters.join(', ');\n\t\t\t\treturn comboFilter;\n\t\t\t}\n\n\t\t\tfunction manageCheckbox( $checkbox ) {\n\t\t\t\t\n\t\t\t\tvar checkbox = $checkbox[0];\n\t\t\t\t\n\t\t\t\tvar group = $checkbox.parents('.option-set').attr('data-group');\n\t\t\t\t\n\t\t\t\tvar filterGroup = filters[ group ];\n\t\t\t\tif ( !filterGroup ) {\n\t\t\t\t\tfilterGroup = filters[ group ] = [];\n\t\t\t\t}\n\n\t\t\t\tvar index = jQuery.inArray( checkbox.value, filterGroup );\n\t\t\t\tif ( checkbox.checked ) {\n\t\t\t\t\tif ( index === -1 ) {\n\t\t\t\t\t\tfilters[ group ].push( checkbox.value );\n    \t\t\t\t}\n  \t\t\t\t}\n  \t\t\t\telse\n  \t\t\t\t{\n\t\t\t\t\tfilters[ group ].splice( index, 1 );\n\t\t\t\t}\n\n\t\t\t}\n\t\t<\/script>\n<div class=\"fusion-clearfix\"><\/div><\/div><\/div><\/div><\/div><\/p>\n","protected":false},"excerpt":{"rendered":"","protected":false},"author":4,"featured_media":0,"parent":369,"menu_order":0,"comment_status":"closed","ping_status":"closed","template":"100-width.php","meta":{"footnotes":""},"class_list":["post-1835","page","type-page","status-publish","hentry"],"yoast_head":"<!-- This site is optimized with the Yoast SEO plugin v27.6 - https:\/\/yoast.com\/product\/yoast-seo-wordpress\/ -->\n<title>Plaisance - TECHMARINE<\/title>\n<meta name=\"robots\" content=\"index, follow, max-snippet:-1, max-image-preview:large, max-video-preview:-1\" \/>\n<link rel=\"canonical\" href=\"https:\/\/techmarine.mg\/?page_id=1835\" \/>\n<meta property=\"og:locale\" content=\"fr_FR\" \/>\n<meta property=\"og:type\" content=\"article\" \/>\n<meta property=\"og:title\" content=\"Plaisance - TECHMARINE\" \/>\n<meta property=\"og:url\" content=\"https:\/\/techmarine.mg\/?page_id=1835\" \/>\n<meta property=\"og:site_name\" content=\"TECHMARINE\" \/>\n<meta property=\"article:modified_time\" content=\"2025-09-03T12:56:14+00:00\" \/>\n<meta name=\"twitter:card\" content=\"summary_large_image\" \/>\n<meta name=\"twitter:label1\" content=\"Dur\u00e9e de lecture estim\u00e9e\" \/>\n\t<meta name=\"twitter:data1\" content=\"1 minute\" \/>\n<script type=\"application\/ld+json\" class=\"yoast-schema-graph\">{\"@context\":\"https:\\\/\\\/schema.org\",\"@graph\":[{\"@type\":\"WebPage\",\"@id\":\"https:\\\/\\\/techmarine.mg\\\/?page_id=1835\",\"url\":\"https:\\\/\\\/techmarine.mg\\\/?page_id=1835\",\"name\":\"Plaisance - TECHMARINE\",\"isPartOf\":{\"@id\":\"https:\\\/\\\/techmarine.mg\\\/#website\"},\"datePublished\":\"2019-03-28T13:30:04+00:00\",\"dateModified\":\"2025-09-03T12:56:14+00:00\",\"breadcrumb\":{\"@id\":\"https:\\\/\\\/techmarine.mg\\\/?page_id=1835#breadcrumb\"},\"inLanguage\":\"fr-FR\",\"potentialAction\":[{\"@type\":\"ReadAction\",\"target\":[\"https:\\\/\\\/techmarine.mg\\\/?page_id=1835\"]}]},{\"@type\":\"BreadcrumbList\",\"@id\":\"https:\\\/\\\/techmarine.mg\\\/?page_id=1835#breadcrumb\",\"itemListElement\":[{\"@type\":\"ListItem\",\"position\":1,\"name\":\"Accueil\",\"item\":\"https:\\\/\\\/techmarine.mg\\\/\"},{\"@type\":\"ListItem\",\"position\":2,\"name\":\"Bateaux\",\"item\":\"https:\\\/\\\/techmarine.mg\\\/?page_id=369\"},{\"@type\":\"ListItem\",\"position\":3,\"name\":\"Plaisance\"}]},{\"@type\":\"WebSite\",\"@id\":\"https:\\\/\\\/techmarine.mg\\\/#website\",\"url\":\"https:\\\/\\\/techmarine.mg\\\/\",\"name\":\"TECHMARINE\",\"description\":\"Construction navale \u00e0 Madagascar\",\"potentialAction\":[{\"@type\":\"SearchAction\",\"target\":{\"@type\":\"EntryPoint\",\"urlTemplate\":\"https:\\\/\\\/techmarine.mg\\\/?s={search_term_string}\"},\"query-input\":{\"@type\":\"PropertyValueSpecification\",\"valueRequired\":true,\"valueName\":\"search_term_string\"}}],\"inLanguage\":\"fr-FR\"}]}<\/script>\n<!-- \/ Yoast SEO plugin. -->","yoast_head_json":{"title":"Plaisance - TECHMARINE","robots":{"index":"index","follow":"follow","max-snippet":"max-snippet:-1","max-image-preview":"max-image-preview:large","max-video-preview":"max-video-preview:-1"},"canonical":"https:\/\/techmarine.mg\/?page_id=1835","og_locale":"fr_FR","og_type":"article","og_title":"Plaisance - TECHMARINE","og_url":"https:\/\/techmarine.mg\/?page_id=1835","og_site_name":"TECHMARINE","article_modified_time":"2025-09-03T12:56:14+00:00","twitter_card":"summary_large_image","twitter_misc":{"Dur\u00e9e de lecture estim\u00e9e":"1 minute"},"schema":{"@context":"https:\/\/schema.org","@graph":[{"@type":"WebPage","@id":"https:\/\/techmarine.mg\/?page_id=1835","url":"https:\/\/techmarine.mg\/?page_id=1835","name":"Plaisance - TECHMARINE","isPartOf":{"@id":"https:\/\/techmarine.mg\/#website"},"datePublished":"2019-03-28T13:30:04+00:00","dateModified":"2025-09-03T12:56:14+00:00","breadcrumb":{"@id":"https:\/\/techmarine.mg\/?page_id=1835#breadcrumb"},"inLanguage":"fr-FR","potentialAction":[{"@type":"ReadAction","target":["https:\/\/techmarine.mg\/?page_id=1835"]}]},{"@type":"BreadcrumbList","@id":"https:\/\/techmarine.mg\/?page_id=1835#breadcrumb","itemListElement":[{"@type":"ListItem","position":1,"name":"Accueil","item":"https:\/\/techmarine.mg\/"},{"@type":"ListItem","position":2,"name":"Bateaux","item":"https:\/\/techmarine.mg\/?page_id=369"},{"@type":"ListItem","position":3,"name":"Plaisance"}]},{"@type":"WebSite","@id":"https:\/\/techmarine.mg\/#website","url":"https:\/\/techmarine.mg\/","name":"TECHMARINE","description":"Construction navale \u00e0 Madagascar","potentialAction":[{"@type":"SearchAction","target":{"@type":"EntryPoint","urlTemplate":"https:\/\/techmarine.mg\/?s={search_term_string}"},"query-input":{"@type":"PropertyValueSpecification","valueRequired":true,"valueName":"search_term_string"}}],"inLanguage":"fr-FR"}]}},"_links":{"self":[{"href":"https:\/\/techmarine.mg\/index.php?rest_route=\/wp\/v2\/pages\/1835","targetHints":{"allow":["GET"]}}],"collection":[{"href":"https:\/\/techmarine.mg\/index.php?rest_route=\/wp\/v2\/pages"}],"about":[{"href":"https:\/\/techmarine.mg\/index.php?rest_route=\/wp\/v2\/types\/page"}],"author":[{"embeddable":true,"href":"https:\/\/techmarine.mg\/index.php?rest_route=\/wp\/v2\/users\/4"}],"replies":[{"embeddable":true,"href":"https:\/\/techmarine.mg\/index.php?rest_route=%2Fwp%2Fv2%2Fcomments&post=1835"}],"version-history":[{"count":57,"href":"https:\/\/techmarine.mg\/index.php?rest_route=\/wp\/v2\/pages\/1835\/revisions"}],"predecessor-version":[{"id":4504,"href":"https:\/\/techmarine.mg\/index.php?rest_route=\/wp\/v2\/pages\/1835\/revisions\/4504"}],"up":[{"embeddable":true,"href":"https:\/\/techmarine.mg\/index.php?rest_route=\/wp\/v2\/pages\/369"}],"wp:attachment":[{"href":"https:\/\/techmarine.mg\/index.php?rest_route=%2Fwp%2Fv2%2Fmedia&parent=1835"}],"curies":[{"name":"wp","href":"https:\/\/api.w.org\/{rel}","templated":true}]}}