{"id":1055,"date":"2019-03-07T12:11:45","date_gmt":"2019-03-07T11:11:45","guid":{"rendered":"https:\/\/techmarine.mg\/?page_id=1055"},"modified":"2023-12-21T05:44:02","modified_gmt":"2023-12-21T04:44:02","slug":"rejoindre-l-equipe","status":"publish","type":"page","link":"https:\/\/techmarine.mg\/?page_id=1055","title":{"rendered":"Rejoindre l&#8217;\u00e9quipe"},"content":{"rendered":"<p><div class=\"fusion-fullwidth fullwidth-box fusion-builder-row-1 nonhundred-percent-fullwidth non-hundred-percent-height-scrolling bloc-rle\" style=\"--awb-border-radius-top-left:0px;--awb-border-radius-top-right:0px;--awb-border-radius-bottom-right:0px;--awb-border-radius-bottom-left:0px;--awb-flex-wrap:wrap;\" ><div class=\"fusion-builder-row fusion-row\"><div class=\"fusion-layout-column fusion_builder_column fusion-builder-column-0 fusion_builder_column_1_1 1_1 fusion-one-full fusion-column-first fusion-column-last\" style=\"--awb-bg-size:cover;\"><div class=\"fusion-column-wrapper fusion-flex-column-wrapper-legacy\"><div class=\"fusion-title title fusion-title-1 fusion-sep-none fusion-title-center fusion-title-text fusion-title-size-one\" style=\"--awb-margin-top-small:10px;--awb-margin-right-small:0px;--awb-margin-bottom-small:10px;--awb-margin-left-small:0px;\"><h1 class=\"fusion-title-heading title-heading-center\" style=\"margin:0;\">REJOIGNEZ L&#8217;EQUIPE<\/h1><\/div><div class=\"fusion-clearfix\"><\/div><\/div><\/div><\/div><\/div><div class=\"fusion-fullwidth fullwidth-box fusion-builder-row-2 nonhundred-percent-fullwidth non-hundred-percent-height-scrolling\" style=\"--awb-border-radius-top-left:0px;--awb-border-radius-top-right:0px;--awb-border-radius-bottom-right:0px;--awb-border-radius-bottom-left:0px;--awb-flex-wrap:wrap;\" ><div class=\"fusion-builder-row fusion-row\"><div class=\"fusion-layout-column fusion_builder_column fusion-builder-column-1 fusion_builder_column_1_2 1_2 fusion-one-half fusion-column-first\" style=\"--awb-bg-size:cover;width:50%;width:calc(50% - ( ( 4% ) * 0.5 ) );margin-right: 4%;\"><div class=\"fusion-column-wrapper fusion-flex-column-wrapper-legacy\"><div class=\"fusion-title title fusion-title-2 fusion-sep-none fusion-title-text fusion-title-size-two\" style=\"--awb-margin-top-small:10px;--awb-margin-right-small:0px;--awb-margin-bottom-small:10px;--awb-margin-left-small:0px;\"><h2 class=\"fusion-title-heading title-heading-left\" style=\"margin:0;\">NOUS RECRUTONS :<\/h2><\/div><div class=\"fusion-text fusion-text-1\"><p>Vous souhaitez rejoindre notre \u00e9quipe ?<br \/>\nTechmarine reste \u00e0 l&#8217;\u00e9coute des talents d\u00e9sireux et capables d&#8217;\u00e9voluer dans une entreprise dynamique et performante.<br \/>\nAdressez votre dossier via le formulaire ou contactez notre service de recrutement par mail : <strong>techmarine@blueline.mg<\/strong>.<\/p>\n<\/div><div class=\"fusion-clearfix\"><\/div><\/div><\/div><div class=\"fusion-layout-column fusion_builder_column fusion-builder-column-2 fusion_builder_column_1_2 1_2 fusion-one-half fusion-column-last form-postule\" style=\"--awb-padding-left:10em;--awb-bg-size:cover;width:50%;width:calc(50% - ( ( 4% ) * 0.5 ) );\"><div class=\"fusion-column-wrapper fusion-flex-column-wrapper-legacy\"><div class=\"fusion-title title fusion-title-3 fusion-sep-none fusion-title-text fusion-title-size-two\" style=\"--awb-margin-top-small:10px;--awb-margin-right-small:0px;--awb-margin-bottom-small:10px;--awb-margin-left-small:0px;\"><h2 class=\"fusion-title-heading title-heading-left\" style=\"margin:0;\">JE POSTULE :<\/h2><\/div><div role=\"form\" class=\"wpcf7\" id=\"wpcf7-f1054-o1\" lang=\"fr-FR\" dir=\"ltr\">\n<div class=\"screen-reader-response\"><p role=\"status\" aria-live=\"polite\" aria-atomic=\"true\"><\/p> <ul><\/ul><\/div>\n<form action=\"\/index.php?rest_route=%2Fwp%2Fv2%2Fpages%2F1055#wpcf7-f1054-o1\" method=\"post\" class=\"wpcf7-form init\" enctype=\"multipart\/form-data\" novalidate=\"novalidate\" data-status=\"init\">\n<div style=\"display: none;\">\n<input type=\"hidden\" name=\"_wpcf7\" value=\"1054\" \/>\n<input type=\"hidden\" name=\"_wpcf7_version\" value=\"5.6.3\" \/>\n<input type=\"hidden\" name=\"_wpcf7_locale\" value=\"fr_FR\" \/>\n<input type=\"hidden\" name=\"_wpcf7_unit_tag\" value=\"wpcf7-f1054-o1\" \/>\n<input type=\"hidden\" name=\"_wpcf7_container_post\" value=\"0\" \/>\n<input type=\"hidden\" name=\"_wpcf7_posted_data_hash\" value=\"\" \/>\n<\/div>\n<div style=\"width:70%;\">\n<p><label> <span class=\"\u00e9tiquette\">Poste souhait\u00e9<\/span><span class=\"obligatoire\"> * <\/span>:<br \/>\n<span class=\"wpcf7-form-control-wrap\" data-name=\"poste-vacant\"><select name=\"poste-vacant\" class=\"wpcf7-form-control wpcf7-select wpcf7-validates-as-required\" aria-required=\"true\" aria-invalid=\"false\"><option value=\"\">---<\/option><option value=\"MECANICIEN MARINE\">MECANICIEN MARINE<\/option><option value=\"Candidature spontan\u00e9e\">Candidature spontan\u00e9e<\/option><\/select><\/span><\/label><\/p>\n<p><label> <span class=\"\u00e9tiquette\">Pr\u00e9nom(s)<\/span><span class=\"obligatoire\"> * <\/span>:<br \/>\n    <span class=\"wpcf7-form-control-wrap\" data-name=\"votre-prenom\"><input type=\"text\" name=\"votre-prenom\" value=\"\" size=\"40\" class=\"wpcf7-form-control wpcf7-text wpcf7-validates-as-required\" aria-required=\"true\" aria-invalid=\"false\" placeholder=\"Ins\u00e9rer votre pr\u00e9nom(s)\" \/><\/span> <\/label><\/p>\n<p><label> <span class=\"\u00e9tiquette\">Nom<\/span><span class=\"obligatoire\"> *<\/span>:<br \/>\n    <span class=\"wpcf7-form-control-wrap\" data-name=\"votre-nom\"><input type=\"text\" name=\"votre-nom\" value=\"\" size=\"40\" class=\"wpcf7-form-control wpcf7-text wpcf7-validates-as-required\" aria-required=\"true\" aria-invalid=\"false\" placeholder=\"Ins\u00e9rer votre nom\" \/><\/span> <\/label><\/p>\n<p><label> <span class=\"\u00e9tiquette\">Num\u00e9ro<\/span> de t\u00e9l\u00e9phone<span class=\"obligatoire\"> * <\/span>:<br \/>\n<span class=\"wpcf7-form-control-wrap\" data-name=\"votre-telephone\"><input type=\"tel\" name=\"votre-telephone\" value=\"\" size=\"40\" class=\"wpcf7-form-control wpcf7-text wpcf7-tel wpcf7-validates-as-required wpcf7-validates-as-tel\" aria-required=\"true\" aria-invalid=\"false\" placeholder=\"Ins\u00e9rer votre num\u00e9ro de t\u00e9l\u00e9phone\" \/><\/span><\/label><\/p>\n<p><label> <span class=\"\u00e9tiquette\">Adresse de messagerie<\/span><span class=\"obligatoire\"> * <\/span>:<br \/>\n    <span class=\"wpcf7-form-control-wrap\" data-name=\"votre-email\"><input type=\"email\" name=\"votre-email\" value=\"\" size=\"40\" class=\"wpcf7-form-control wpcf7-text wpcf7-email wpcf7-validates-as-required wpcf7-validates-as-email\" aria-required=\"true\" aria-invalid=\"false\" placeholder=\"Ins\u00e9rer votre e-mail\" \/><\/span> <\/label><\/p>\n<\/div>\n<p><label> <span class=\"\u00e9tiquette\">T\u00e9l\u00e9verser votre CV<\/span><span class=\"obligatoire\"> * <\/span>:<br \/>\n.doc|.docx|.pdf<br \/>\n<span class=\"wpcf7-form-control-wrap\" data-name=\"CV\"><input type=\"file\" name=\"CV\" size=\"40\" class=\"wpcf7-form-control wpcf7-file wpcf7-validates-as-required insert-file\" accept=\".doc,.docx,.pdf\" aria-required=\"true\" aria-invalid=\"false\" \/><\/span> <\/label><\/p>\n<p><label> <span class=\"\u00e9tiquette\">T\u00e9l\u00e9verser votre lettre de motivation<\/span><span class=\"obligatoire\"> * <\/span>:<br \/>\n.doc|.docx|.pdf<br \/>\n<span class=\"wpcf7-form-control-wrap\" data-name=\"LM\"><input type=\"file\" name=\"LM\" size=\"40\" class=\"wpcf7-form-control wpcf7-file wpcf7-validates-as-required insert-file\" accept=\".doc,.docx,.pdf\" aria-required=\"true\" aria-invalid=\"false\" \/><\/span><\/p>\n<p><input type=\"submit\" value=\"Envoyer\" class=\"wpcf7-form-control has-spinner wpcf7-submit\" \/><\/p>\n<div class=\"fusion-alert alert custom alert-custom fusion-alert-center wpcf7-response-output fusion-alert-capitalize awb-alert-native-link-color alert-dismissable awb-alert-close-boxed\" style=\"--awb-border-size:1px;--awb-border-top-left-radius:0px;--awb-border-top-right-radius:0px;--awb-border-bottom-left-radius:0px;--awb-border-bottom-right-radius:0px;\" role=\"alert\"><div class=\"fusion-alert-content-wrapper\"><span class=\"fusion-alert-content\"><\/span><\/div><button type=\"button\" class=\"close toggle-alert\" data-dismiss=\"alert\" aria-label=\"Close\">&times;<\/button><\/div><\/form><\/div><div class=\"fusion-clearfix\"><\/div><\/div><\/div><\/div><\/div><\/p>\n","protected":false},"excerpt":{"rendered":"","protected":false},"author":4,"featured_media":0,"parent":1956,"menu_order":0,"comment_status":"closed","ping_status":"closed","template":"100-width.php","meta":{"footnotes":""},"class_list":["post-1055","page","type-page","status-publish","hentry"],"yoast_head":"<!-- This site is optimized with the Yoast SEO plugin v27.6 - https:\/\/yoast.com\/product\/yoast-seo-wordpress\/ -->\n<title>Rejoindre l&#039;\u00e9quipe - TECHMARINE<\/title>\n<meta name=\"description\" content=\"Vous souhaitez rejoindre notre \u00e9quipe ?Techmarine reste \u00e0 l\u2019\u00e9coute des talents d\u00e9sireux et capables d\u2019\u00e9voluer dans une entreprise dynamique et performante.\" \/>\n<meta name=\"robots\" content=\"index, follow, max-snippet:-1, max-image-preview:large, max-video-preview:-1\" \/>\n<link rel=\"canonical\" href=\"https:\/\/techmarine.mg\/?page_id=1055\" \/>\n<meta property=\"og:locale\" content=\"fr_FR\" \/>\n<meta property=\"og:type\" content=\"article\" \/>\n<meta property=\"og:title\" content=\"Rejoindre l&#039;\u00e9quipe - TECHMARINE\" \/>\n<meta property=\"og:description\" content=\"Vous souhaitez rejoindre notre \u00e9quipe ?Techmarine reste \u00e0 l\u2019\u00e9coute des talents d\u00e9sireux et capables d\u2019\u00e9voluer dans une entreprise dynamique et performante.\" \/>\n<meta property=\"og:url\" content=\"https:\/\/techmarine.mg\/?page_id=1055\" \/>\n<meta property=\"og:site_name\" content=\"TECHMARINE\" \/>\n<meta property=\"article:modified_time\" content=\"2023-12-21T04:44:02+00:00\" \/>\n<meta name=\"twitter:card\" content=\"summary_large_image\" \/>\n<meta name=\"twitter:label1\" content=\"Dur\u00e9e de lecture estim\u00e9e\" \/>\n\t<meta name=\"twitter:data1\" content=\"2 minutes\" \/>\n<script type=\"application\/ld+json\" class=\"yoast-schema-graph\">{\"@context\":\"https:\\\/\\\/schema.org\",\"@graph\":[{\"@type\":\"WebPage\",\"@id\":\"https:\\\/\\\/techmarine.mg\\\/?page_id=1055\",\"url\":\"https:\\\/\\\/techmarine.mg\\\/?page_id=1055\",\"name\":\"Rejoindre l'\u00e9quipe - TECHMARINE\",\"isPartOf\":{\"@id\":\"https:\\\/\\\/techmarine.mg\\\/#website\"},\"datePublished\":\"2019-03-07T11:11:45+00:00\",\"dateModified\":\"2023-12-21T04:44:02+00:00\",\"description\":\"Vous souhaitez rejoindre notre \u00e9quipe ?Techmarine reste \u00e0 l\u2019\u00e9coute des talents d\u00e9sireux et capables d\u2019\u00e9voluer dans une entreprise dynamique et performante.\",\"breadcrumb\":{\"@id\":\"https:\\\/\\\/techmarine.mg\\\/?page_id=1055#breadcrumb\"},\"inLanguage\":\"fr-FR\",\"potentialAction\":[{\"@type\":\"ReadAction\",\"target\":[\"https:\\\/\\\/techmarine.mg\\\/?page_id=1055\"]}]},{\"@type\":\"BreadcrumbList\",\"@id\":\"https:\\\/\\\/techmarine.mg\\\/?page_id=1055#breadcrumb\",\"itemListElement\":[{\"@type\":\"ListItem\",\"position\":1,\"name\":\"Accueil\",\"item\":\"https:\\\/\\\/techmarine.mg\\\/\"},{\"@type\":\"ListItem\",\"position\":2,\"name\":\"Techmarine\",\"item\":\"https:\\\/\\\/techmarine.mg\\\/?page_id=1956\"},{\"@type\":\"ListItem\",\"position\":3,\"name\":\"Rejoindre l&#8217;\u00e9quipe\"}]},{\"@type\":\"WebSite\",\"@id\":\"https:\\\/\\\/techmarine.mg\\\/#website\",\"url\":\"https:\\\/\\\/techmarine.mg\\\/\",\"name\":\"TECHMARINE\",\"description\":\"Construction navale \u00e0 Madagascar\",\"potentialAction\":[{\"@type\":\"SearchAction\",\"target\":{\"@type\":\"EntryPoint\",\"urlTemplate\":\"https:\\\/\\\/techmarine.mg\\\/?s={search_term_string}\"},\"query-input\":{\"@type\":\"PropertyValueSpecification\",\"valueRequired\":true,\"valueName\":\"search_term_string\"}}],\"inLanguage\":\"fr-FR\"}]}<\/script>\n<!-- \/ Yoast SEO plugin. -->","yoast_head_json":{"title":"Rejoindre l'\u00e9quipe - TECHMARINE","description":"Vous souhaitez rejoindre notre \u00e9quipe ?Techmarine reste \u00e0 l\u2019\u00e9coute des talents d\u00e9sireux et capables d\u2019\u00e9voluer dans une entreprise dynamique et performante.","robots":{"index":"index","follow":"follow","max-snippet":"max-snippet:-1","max-image-preview":"max-image-preview:large","max-video-preview":"max-video-preview:-1"},"canonical":"https:\/\/techmarine.mg\/?page_id=1055","og_locale":"fr_FR","og_type":"article","og_title":"Rejoindre l'\u00e9quipe - TECHMARINE","og_description":"Vous souhaitez rejoindre notre \u00e9quipe ?Techmarine reste \u00e0 l\u2019\u00e9coute des talents d\u00e9sireux et capables d\u2019\u00e9voluer dans une entreprise dynamique et performante.","og_url":"https:\/\/techmarine.mg\/?page_id=1055","og_site_name":"TECHMARINE","article_modified_time":"2023-12-21T04:44:02+00:00","twitter_card":"summary_large_image","twitter_misc":{"Dur\u00e9e de lecture estim\u00e9e":"2 minutes"},"schema":{"@context":"https:\/\/schema.org","@graph":[{"@type":"WebPage","@id":"https:\/\/techmarine.mg\/?page_id=1055","url":"https:\/\/techmarine.mg\/?page_id=1055","name":"Rejoindre l'\u00e9quipe - TECHMARINE","isPartOf":{"@id":"https:\/\/techmarine.mg\/#website"},"datePublished":"2019-03-07T11:11:45+00:00","dateModified":"2023-12-21T04:44:02+00:00","description":"Vous souhaitez rejoindre notre \u00e9quipe ?Techmarine reste \u00e0 l\u2019\u00e9coute des talents d\u00e9sireux et capables d\u2019\u00e9voluer dans une entreprise dynamique et performante.","breadcrumb":{"@id":"https:\/\/techmarine.mg\/?page_id=1055#breadcrumb"},"inLanguage":"fr-FR","potentialAction":[{"@type":"ReadAction","target":["https:\/\/techmarine.mg\/?page_id=1055"]}]},{"@type":"BreadcrumbList","@id":"https:\/\/techmarine.mg\/?page_id=1055#breadcrumb","itemListElement":[{"@type":"ListItem","position":1,"name":"Accueil","item":"https:\/\/techmarine.mg\/"},{"@type":"ListItem","position":2,"name":"Techmarine","item":"https:\/\/techmarine.mg\/?page_id=1956"},{"@type":"ListItem","position":3,"name":"Rejoindre l&#8217;\u00e9quipe"}]},{"@type":"WebSite","@id":"https:\/\/techmarine.mg\/#website","url":"https:\/\/techmarine.mg\/","name":"TECHMARINE","description":"Construction navale \u00e0 Madagascar","potentialAction":[{"@type":"SearchAction","target":{"@type":"EntryPoint","urlTemplate":"https:\/\/techmarine.mg\/?s={search_term_string}"},"query-input":{"@type":"PropertyValueSpecification","valueRequired":true,"valueName":"search_term_string"}}],"inLanguage":"fr-FR"}]}},"_links":{"self":[{"href":"https:\/\/techmarine.mg\/index.php?rest_route=\/wp\/v2\/pages\/1055","targetHints":{"allow":["GET"]}}],"collection":[{"href":"https:\/\/techmarine.mg\/index.php?rest_route=\/wp\/v2\/pages"}],"about":[{"href":"https:\/\/techmarine.mg\/index.php?rest_route=\/wp\/v2\/types\/page"}],"author":[{"embeddable":true,"href":"https:\/\/techmarine.mg\/index.php?rest_route=\/wp\/v2\/users\/4"}],"replies":[{"embeddable":true,"href":"https:\/\/techmarine.mg\/index.php?rest_route=%2Fwp%2Fv2%2Fcomments&post=1055"}],"version-history":[{"count":90,"href":"https:\/\/techmarine.mg\/index.php?rest_route=\/wp\/v2\/pages\/1055\/revisions"}],"predecessor-version":[{"id":4041,"href":"https:\/\/techmarine.mg\/index.php?rest_route=\/wp\/v2\/pages\/1055\/revisions\/4041"}],"up":[{"embeddable":true,"href":"https:\/\/techmarine.mg\/index.php?rest_route=\/wp\/v2\/pages\/1956"}],"wp:attachment":[{"href":"https:\/\/techmarine.mg\/index.php?rest_route=%2Fwp%2Fv2%2Fmedia&parent=1055"}],"curies":[{"name":"wp","href":"https:\/\/api.w.org\/{rel}","templated":true}]}}